{"id":7538,"date":"2023-06-18T07:03:56","date_gmt":"2023-06-18T07:03:56","guid":{"rendered":"https:\/\/wokexpress.ch\/dev1\/?page_id=7538"},"modified":"2024-06-01T16:08:35","modified_gmt":"2024-06-01T16:08:35","slug":"jobs","status":"publish","type":"page","link":"https:\/\/wokexpress.ch\/de\/jobs\/","title":{"rendered":"Jobs"},"content":{"rendered":"<div data-elementor-type=\"wp-page\" data-elementor-id=\"7538\" class=\"elementor elementor-7538\">\n\t\t\t\t\t\t\t\t\t<section class=\"elementor-section elementor-top-section elementor-element elementor-element-a4250fd elementor-section-boxed elementor-section-height-default elementor-section-height-default\" data-id=\"a4250fd\" data-element_type=\"section\">\n\t\t\t\t\t\t<div class=\"elementor-container elementor-column-gap-default\">\n\t\t\t\t\t<div class=\"elementor-column elementor-col-100 elementor-top-column elementor-element elementor-element-9c9a3ee\" data-id=\"9c9a3ee\" data-element_type=\"column\">\n\t\t\t<div class=\"elementor-widget-wrap elementor-element-populated\">\n\t\t\t\t\t\t\t\t<div class=\"elementor-element elementor-element-04b3e41 elementor-widget elementor-widget-heading\" data-id=\"04b3e41\" data-element_type=\"widget\" data-widget_type=\"heading.default\">\n\t\t\t\t<div class=\"elementor-widget-container\">\n\t\t\t<style>\/*! elementor - v3.15.0 - 20-08-2023 *\/\n.elementor-heading-title{padding:0;margin:0;line-height:1}.elementor-widget-heading .elementor-heading-title[class*=elementor-size-]>a{color:inherit;font-size:inherit;line-height:inherit}.elementor-widget-heading .elementor-heading-title.elementor-size-small{font-size:15px}.elementor-widget-heading .elementor-heading-title.elementor-size-medium{font-size:19px}.elementor-widget-heading .elementor-heading-title.elementor-size-large{font-size:29px}.elementor-widget-heading .elementor-heading-title.elementor-size-xl{font-size:39px}.elementor-widget-heading .elementor-heading-title.elementor-size-xxl{font-size:59px}<\/style><h1 class=\"elementor-heading-title elementor-size-default\">HIER HABEN WIR EINEN JOB F\u00dcR DICH<\/h1>\t\t<\/div>\n\t\t\t\t<\/div>\n\t\t\t\t<div class=\"elementor-element elementor-element-b9cf4c1 elementor-tabs-view-vertical elementor-widget elementor-widget-tabs\" data-id=\"b9cf4c1\" data-element_type=\"widget\" data-widget_type=\"tabs.default\">\n\t\t\t\t<div class=\"elementor-widget-container\">\n\t\t\t<style>\/*! elementor - v3.15.0 - 20-08-2023 *\/\n.elementor-widget-tabs.elementor-tabs-view-vertical .elementor-tabs-wrapper{width:25%;flex-shrink:0}.elementor-widget-tabs.elementor-tabs-view-vertical .elementor-tab-desktop-title.elementor-active{border-right-style:none}.elementor-widget-tabs.elementor-tabs-view-vertical .elementor-tab-desktop-title.elementor-active:after,.elementor-widget-tabs.elementor-tabs-view-vertical .elementor-tab-desktop-title.elementor-active:before{height:999em;width:0;right:0;border-right-style:solid}.elementor-widget-tabs.elementor-tabs-view-vertical .elementor-tab-desktop-title.elementor-active:before{top:0;transform:translateY(-100%)}.elementor-widget-tabs.elementor-tabs-view-vertical .elementor-tab-desktop-title.elementor-active:after{top:100%}.elementor-widget-tabs.elementor-tabs-view-horizontal .elementor-tab-desktop-title{display:table-cell}.elementor-widget-tabs.elementor-tabs-view-horizontal .elementor-tab-desktop-title.elementor-active{border-bottom-style:none}.elementor-widget-tabs.elementor-tabs-view-horizontal .elementor-tab-desktop-title.elementor-active:after,.elementor-widget-tabs.elementor-tabs-view-horizontal .elementor-tab-desktop-title.elementor-active:before{bottom:0;height:0;width:999em;border-bottom-style:solid}.elementor-widget-tabs.elementor-tabs-view-horizontal .elementor-tab-desktop-title.elementor-active:before{right:100%}.elementor-widget-tabs.elementor-tabs-view-horizontal .elementor-tab-desktop-title.elementor-active:after{left:100%}.elementor-widget-tabs .elementor-tab-content,.elementor-widget-tabs .elementor-tab-title,.elementor-widget-tabs .elementor-tab-title:after,.elementor-widget-tabs .elementor-tab-title:before,.elementor-widget-tabs .elementor-tabs-content-wrapper{border:1px #d5d8dc}.elementor-widget-tabs .elementor-tabs{text-align:left}.elementor-widget-tabs .elementor-tabs-wrapper{overflow:hidden}.elementor-widget-tabs .elementor-tab-title{cursor:pointer;outline:var(--focus-outline,none)}.elementor-widget-tabs .elementor-tab-desktop-title{position:relative;padding:20px 25px;font-weight:700;line-height:1;border:solid transparent}.elementor-widget-tabs .elementor-tab-desktop-title.elementor-active{border-color:#d5d8dc}.elementor-widget-tabs .elementor-tab-desktop-title.elementor-active:after,.elementor-widget-tabs .elementor-tab-desktop-title.elementor-active:before{display:block;content:\"\";position:absolute}.elementor-widget-tabs .elementor-tab-desktop-title:focus-visible{border:1px solid #000}.elementor-widget-tabs .elementor-tab-mobile-title{padding:10px;cursor:pointer}.elementor-widget-tabs .elementor-tab-content{padding:20px;display:none}@media (max-width:767px){.elementor-tabs .elementor-tab-content,.elementor-tabs .elementor-tab-title{border-style:solid solid none}.elementor-tabs .elementor-tabs-wrapper{display:none}.elementor-tabs .elementor-tabs-content-wrapper{border-bottom-style:solid}.elementor-tabs .elementor-tab-content{padding:10px}}@media (min-width:768px){.elementor-widget-tabs.elementor-tabs-view-vertical .elementor-tabs{display:flex}.elementor-widget-tabs.elementor-tabs-view-vertical .elementor-tabs-wrapper{flex-direction:column}.elementor-widget-tabs.elementor-tabs-view-vertical .elementor-tabs-content-wrapper{flex-grow:1;border-style:solid solid solid none}.elementor-widget-tabs.elementor-tabs-view-horizontal .elementor-tab-content{border-style:none solid solid}.elementor-widget-tabs.elementor-tabs-alignment-center .elementor-tabs-wrapper,.elementor-widget-tabs.elementor-tabs-alignment-end .elementor-tabs-wrapper,.elementor-widget-tabs.elementor-tabs-alignment-stretch .elementor-tabs-wrapper{display:flex}.elementor-widget-tabs.elementor-tabs-alignment-center .elementor-tabs-wrapper{justify-content:center}.elementor-widget-tabs.elementor-tabs-alignment-end .elementor-tabs-wrapper{justify-content:flex-end}.elementor-widget-tabs.elementor-tabs-alignment-stretch.elementor-tabs-view-horizontal .elementor-tab-title{width:100%}.elementor-widget-tabs.elementor-tabs-alignment-stretch.elementor-tabs-view-vertical .elementor-tab-title{height:100%}.elementor-tabs .elementor-tab-mobile-title{display:none}}<\/style>\t\t<div class=\"elementor-tabs\">\n\t\t\t<div class=\"elementor-tabs-wrapper\" role=\"tablist\" >\n\t\t\t\t\t\t\t\t\t<div id=\"elementor-tab-title-1941\" class=\"elementor-tab-title elementor-tab-desktop-title\" aria-selected=\"true\" data-tab=\"1\" role=\"tab\" tabindex=\"0\" aria-controls=\"elementor-tab-content-1941\" aria-expanded=\"false\">Job #1<\/div>\n\t\t\t\t\t\t\t\t\t<div id=\"elementor-tab-title-1942\" class=\"elementor-tab-title elementor-tab-desktop-title\" aria-selected=\"false\" data-tab=\"2\" role=\"tab\" tabindex=\"-1\" aria-controls=\"elementor-tab-content-1942\" aria-expanded=\"false\">Job  #2<\/div>\n\t\t\t\t\t\t\t<\/div>\n\t\t\t<div class=\"elementor-tabs-content-wrapper\" role=\"tablist\" aria-orientation=\"vertical\">\n\t\t\t\t\t\t\t\t\t<div class=\"elementor-tab-title elementor-tab-mobile-title\" aria-selected=\"true\" data-tab=\"1\" role=\"tab\" tabindex=\"0\" aria-controls=\"elementor-tab-content-1941\" aria-expanded=\"false\">Job #1<\/div>\n\t\t\t\t\t<div id=\"elementor-tab-content-1941\" class=\"elementor-tab-content elementor-clearfix\" data-tab=\"1\" role=\"tabpanel\" aria-labelledby=\"elementor-tab-title-1941\" tabindex=\"0\" hidden=\"false\"><p><span lang=\"DE-CH\" style=\"font-size: 18pt; line-height: 107%; font-family: 'Open Sans', sans-serif; color: black; background: yellow;\">Sushi<br \/>Koch und Kurierfahrer\/in in St. Gallen<br \/>80-100%<\/span><\/p><ul><li>Sie sind zust\u00e4ndig f\u00fcr das Bereitstellung der Mise en Place f\u00fcr Mittag- und Abendessen<\/li><li>Selbst\u00e4ndiges Zubereiten von Wok-Gerichten geh\u00f6rt zu Ihren Spezialit\u00e4ten <\/li><li>Bereitstellen der Mise en Place f\u00fcr die Sushi-Produktion<\/li><li class=\" translation-block\">Mindestens 2 Jahre Erfahrung in der Zubereitung von Sushi (Sushi-Ausbildung von Vorteil)<\/li><li>Kurierfahrer\/ in Teilzeit per sofort oder nach Vereinbarung.<\/li><\/ul><div>Kontakt- wokexpress Buchwaldstrasse 10<\/div><div>9008 St. Gallen<\/div><div>Tel.+41765773380<\/div><div>Email- info@wokexpress.ch<\/div><\/div>\n\t\t\t\t\t\t\t\t\t<div class=\"elementor-tab-title elementor-tab-mobile-title\" aria-selected=\"false\" data-tab=\"2\" role=\"tab\" tabindex=\"-1\" aria-controls=\"elementor-tab-content-1942\" aria-expanded=\"false\">Job  #2<\/div>\n\t\t\t\t\t<div id=\"elementor-tab-content-1942\" class=\"elementor-tab-content elementor-clearfix\" data-tab=\"2\" role=\"tabpanel\" aria-labelledby=\"elementor-tab-title-1942\" tabindex=\"0\" hidden=\"hidden\"><\/div>\n\t\t\t\t\t\t\t<\/div>\n\t\t<\/div>\n\t\t\t\t<\/div>\n\t\t\t\t<\/div>\n\t\t\t\t\t<\/div>\n\t\t<\/div>\n\t\t\t\t\t\t\t<\/div>\n\t\t<\/section>\n\t\t\t\t\t\t\t<\/div>","protected":false},"excerpt":{"rendered":"<p>HERE WE HAVE A JOB FOR YOU Job #1 Job #2 Job #1 Sushichef and courier driver in St. Gallen80-100% You are responsible for providing the mise en place for lunch and dinner Independent preparation of wok dishes is one of your specialties Providing the mise en place for sushi production Preparing various sushi and [&hellip;]<\/p>","protected":false},"author":1,"featured_media":0,"parent":0,"menu_order":0,"comment_status":"closed","ping_status":"closed","template":"","meta":{"footnotes":""},"class_list":["post-7538","page","type-page","status-publish","hentry"],"yoast_head":"<!-- This site is optimized with the Yoast SEO plugin v21.1 - https:\/\/yoast.com\/wordpress\/plugins\/seo\/ -->\n<title>Jobs - Wokexpress<\/title>\n<meta name=\"robots\" content=\"index, follow, max-snippet:-1, max-image-preview:large, max-video-preview:-1\" \/>\n<link rel=\"canonical\" href=\"https:\/\/wokexpress.ch\/de\/jobs\/\" \/>\n<meta property=\"og:locale\" content=\"de_DE\" \/>\n<meta property=\"og:type\" content=\"article\" \/>\n<meta property=\"og:title\" content=\"Jobs - Wokexpress\" \/>\n<meta property=\"og:description\" content=\"HERE WE HAVE A JOB FOR YOU Job #1 Job #2 Job #1 Sushichef and courier driver in St. Gallen80-100% You are responsible for providing the mise en place for lunch and dinner Independent preparation of wok dishes is one of your specialties Providing the mise en place for sushi production Preparing various sushi and [&hellip;]\" \/>\n<meta property=\"og:url\" content=\"https:\/\/wokexpress.ch\/de\/jobs\/\" \/>\n<meta property=\"og:site_name\" content=\"Wokexpress\" \/>\n<meta property=\"article:publisher\" content=\"https:\/\/www.facebook.com\/profile.php?id=100077317638089\" \/>\n<meta property=\"article:modified_time\" content=\"2024-06-01T16:08:35+00:00\" \/>\n<meta name=\"twitter:card\" content=\"summary_large_image\" \/>\n<meta name=\"twitter:label1\" content=\"Gesch\u00e4tzte Lesezeit\" \/>\n\t<meta name=\"twitter:data1\" content=\"1\u00a0Minute\" \/>\n<script type=\"application\/ld+json\" class=\"yoast-schema-graph\">{\"@context\":\"https:\/\/schema.org\",\"@graph\":[{\"@type\":\"WebPage\",\"@id\":\"https:\/\/wokexpress.ch\/jobs\/\",\"url\":\"https:\/\/wokexpress.ch\/jobs\/\",\"name\":\"Jobs - Wokexpress\",\"isPartOf\":{\"@id\":\"https:\/\/wokexpress.ch\/#website\"},\"datePublished\":\"2023-06-18T07:03:56+00:00\",\"dateModified\":\"2024-06-01T16:08:35+00:00\",\"breadcrumb\":{\"@id\":\"https:\/\/wokexpress.ch\/jobs\/#breadcrumb\"},\"inLanguage\":\"de\",\"potentialAction\":[{\"@type\":\"ReadAction\",\"target\":[\"https:\/\/wokexpress.ch\/jobs\/\"]}]},{\"@type\":\"BreadcrumbList\",\"@id\":\"https:\/\/wokexpress.ch\/jobs\/#breadcrumb\",\"itemListElement\":[{\"@type\":\"ListItem\",\"position\":1,\"name\":\"Home\",\"item\":\"https:\/\/wokexpress.ch\/\"},{\"@type\":\"ListItem\",\"position\":2,\"name\":\"Jobs\"}]},{\"@type\":\"WebSite\",\"@id\":\"https:\/\/wokexpress.ch\/#website\",\"url\":\"https:\/\/wokexpress.ch\/\",\"name\":\"Wokexpress\",\"description\":\"Asian Food To You\",\"potentialAction\":[{\"@type\":\"SearchAction\",\"target\":{\"@type\":\"EntryPoint\",\"urlTemplate\":\"https:\/\/wokexpress.ch\/?s={search_term_string}\"},\"query-input\":\"required name=search_term_string\"}],\"inLanguage\":\"de\"}]}<\/script>\n<!-- \/ Yoast SEO plugin. -->","yoast_head_json":{"title":"Jobs - Wokexpress","robots":{"index":"index","follow":"follow","max-snippet":"max-snippet:-1","max-image-preview":"max-image-preview:large","max-video-preview":"max-video-preview:-1"},"canonical":"https:\/\/wokexpress.ch\/de\/jobs\/","og_locale":"de_DE","og_type":"article","og_title":"Jobs - Wokexpress","og_description":"HERE WE HAVE A JOB FOR YOU Job #1 Job #2 Job #1 Sushichef and courier driver in St. Gallen80-100% You are responsible for providing the mise en place for lunch and dinner Independent preparation of wok dishes is one of your specialties Providing the mise en place for sushi production Preparing various sushi and [&hellip;]","og_url":"https:\/\/wokexpress.ch\/de\/jobs\/","og_site_name":"Wokexpress","article_publisher":"https:\/\/www.facebook.com\/profile.php?id=100077317638089","article_modified_time":"2024-06-01T16:08:35+00:00","twitter_card":"summary_large_image","twitter_misc":{"Gesch\u00e4tzte Lesezeit":"1\u00a0Minute"},"schema":{"@context":"https:\/\/schema.org","@graph":[{"@type":"WebPage","@id":"https:\/\/wokexpress.ch\/jobs\/","url":"https:\/\/wokexpress.ch\/jobs\/","name":"Jobs - Wokexpress","isPartOf":{"@id":"https:\/\/wokexpress.ch\/#website"},"datePublished":"2023-06-18T07:03:56+00:00","dateModified":"2024-06-01T16:08:35+00:00","breadcrumb":{"@id":"https:\/\/wokexpress.ch\/jobs\/#breadcrumb"},"inLanguage":"de","potentialAction":[{"@type":"ReadAction","target":["https:\/\/wokexpress.ch\/jobs\/"]}]},{"@type":"BreadcrumbList","@id":"https:\/\/wokexpress.ch\/jobs\/#breadcrumb","itemListElement":[{"@type":"ListItem","position":1,"name":"Home","item":"https:\/\/wokexpress.ch\/"},{"@type":"ListItem","position":2,"name":"Jobs"}]},{"@type":"WebSite","@id":"https:\/\/wokexpress.ch\/#website","url":"https:\/\/wokexpress.ch\/","name":"Wokexpress","description":"Asian Food To You","potentialAction":[{"@type":"SearchAction","target":{"@type":"EntryPoint","urlTemplate":"https:\/\/wokexpress.ch\/?s={search_term_string}"},"query-input":"required name=search_term_string"}],"inLanguage":"de"}]}},"_links":{"self":[{"href":"https:\/\/wokexpress.ch\/de\/wp-json\/wp\/v2\/pages\/7538","targetHints":{"allow":["GET"]}}],"collection":[{"href":"https:\/\/wokexpress.ch\/de\/wp-json\/wp\/v2\/pages"}],"about":[{"href":"https:\/\/wokexpress.ch\/de\/wp-json\/wp\/v2\/types\/page"}],"author":[{"embeddable":true,"href":"https:\/\/wokexpress.ch\/de\/wp-json\/wp\/v2\/users\/1"}],"replies":[{"embeddable":true,"href":"https:\/\/wokexpress.ch\/de\/wp-json\/wp\/v2\/comments?post=7538"}],"version-history":[{"count":0,"href":"https:\/\/wokexpress.ch\/de\/wp-json\/wp\/v2\/pages\/7538\/revisions"}],"wp:attachment":[{"href":"https:\/\/wokexpress.ch\/de\/wp-json\/wp\/v2\/media?parent=7538"}],"curies":[{"name":"wp","href":"https:\/\/api.w.org\/{rel}","templated":true}]}}