{"id":7453,"date":"2023-06-11T11:53:54","date_gmt":"2023-06-11T11:53:54","guid":{"rendered":"https:\/\/wokexpress.ch\/dev1\/?page_id=7453"},"modified":"2023-06-11T11:54:48","modified_gmt":"2023-06-11T11:54:48","slug":"agb","status":"publish","type":"page","link":"https:\/\/wokexpress.ch\/de\/agb\/","title":{"rendered":"AGB"},"content":{"rendered":"<div data-elementor-type=\"wp-page\" data-elementor-id=\"7453\" class=\"elementor elementor-7453\">\n\t\t\t\t\t\t\t\t\t<section class=\"elementor-section elementor-top-section elementor-element elementor-element-25f95d2 elementor-section-boxed elementor-section-height-default elementor-section-height-default\" data-id=\"25f95d2\" data-element_type=\"section\">\n\t\t\t\t\t\t<div class=\"elementor-container elementor-column-gap-default\">\n\t\t\t\t\t<div class=\"elementor-column elementor-col-100 elementor-top-column elementor-element elementor-element-009ee49\" data-id=\"009ee49\" data-element_type=\"column\">\n\t\t\t<div class=\"elementor-widget-wrap elementor-element-populated\">\n\t\t\t\t\t\t\t\t<div class=\"elementor-element elementor-element-53cf064 elementor-widget elementor-widget-text-editor\" data-id=\"53cf064\" data-element_type=\"widget\" data-widget_type=\"text-editor.default\">\n\t\t\t\t<div class=\"elementor-widget-container\">\n\t\t\t<style>\/*! elementor - v3.15.0 - 20-08-2023 *\/\n.elementor-widget-text-editor.elementor-drop-cap-view-stacked .elementor-drop-cap{background-color:#69727d;color:#fff}.elementor-widget-text-editor.elementor-drop-cap-view-framed .elementor-drop-cap{color:#69727d;border:3px solid;background-color:transparent}.elementor-widget-text-editor:not(.elementor-drop-cap-view-default) .elementor-drop-cap{margin-top:8px}.elementor-widget-text-editor:not(.elementor-drop-cap-view-default) .elementor-drop-cap-letter{width:1em;height:1em}.elementor-widget-text-editor .elementor-drop-cap{float:left;text-align:center;line-height:1;font-size:50px}.elementor-widget-text-editor .elementor-drop-cap-letter{display:inline-block}<\/style>\t\t\t\t<ol><li><strong>Geltungsbereich \/ Allgemeines<\/strong><\/li><\/ol><p>Diese Allgemeinen Gesch\u00e4ftsbedingungen ( nachfolgend ABG`s genannt) der Wok Express KLG, Buchwaldstrasse 10, 9008 St.Gallen, nachfolgend Wok Express, regelt die Rechte und Pflichten von Nutzern ( nachfolgend K\u00e4ufer\/Kunden) der Webseite von Wok Express auf www. wokexpress.ch im Zusammenhang mit der Nutzung der angebotenen Dienstleistungen (Nutzung der Webseite, Warenverkauf, usw.)<\/p><p>Sie regeln die Rechtsbeziehungen zwischen Wok Express KLG und den K\u00e4ufer\/Kunden abschliesst, soweit sie nicht auf andere Bestimmungen verweisen oder solche f\u00fcr anwendbar erkl\u00e4ren.<\/p><p>Wok Express KLG kann die f\u00fcr www. wokexpress.ch geltenden AGB jederzeit ab\u00e4ndern. Durch Anklicken des Buttons &lt;&lt; Jetzt kaufen&gt;&gt; geben Sie eine verbindliche Bestellung der im Warenkorb ab. Die Best\u00e4tigung des Eingangs der Bestellung folgt unmittelbar nach dem Absenden der Bestellung.<\/p><ol start=\"2\"><li><strong>Vertragsschluss<\/strong><\/li><\/ol><p>Wok Express (Verk\u00e4uferin, Anbieterin) verkauft Speisen und Getr\u00e4nke gem\u00e4ss online gef\u00fchrter Warenangebotsliste und wird bei Kaufvertragsabschluss damit Vertragspartei der K\u00e4ufer\/Kunde\u00a0 hinsichtliche der erworbenen Artikel.<\/p><p>Angebote auf gelten als Einladungen zur Offertstellung. Mit der Bestellung durch Anklicken des Buttons &lt;&lt;Best\u00e4tigen&gt;&gt; respektiv &lt;&gt; erkl\u00e4rt der K\u00e4ufer\/Kunde sodann verbindlich den Abschluss des Vertrags mit und damit die \u00dcbernahme der vorliegenden AGB`s. Die Bestellung wird in der Folge von Wok Express per E-Mail best\u00e4tigt.<\/p><p>Haftet jedoch nicht f\u00fcr den Untergang\/Verlust von Best\u00e4tigungen per E-Mail oder bei falscher E-Mail Angabe durch den K\u00e4ufer\/Kunde. Es bleibt folglich unbenommen, den Abschluss durch Vorweisen einer Best\u00e4tigungsmail zu belegen.<\/p><p>Es gilt die Fassung der AGB, die zum Zeitpunkt der Bestellung auf www.wokexpress.ch publiziert wurde.<\/p><ol start=\"3\"><li><strong>Sorgfaltspflichten des Kunden<\/strong><\/li><\/ol><p>Der Kunde verpflichtet sich, exakte, aktuelle und vollst\u00e4ndige Angaben zu seiner Person auf der Bestellformular zu machen. Mr. Pizza schliesst f\u00fcr Verluste und Sch\u00e4den, die sich aus der Nichterf\u00fcllung dieser Verpflichtung ergeben, jegliche Haftung aus. Wir behalten uns vor, diese Angaben durch R\u00fcckruf oder \u00e4hnliche geeignete Massnahmen zu \u00fcberpr\u00fcfen und bei Missachtung unserer AGB einzelne Personen von dem Online-Bestelldienst auszuschliessen.<\/p><ol start=\"4\"><li><strong>Preis und Angebote<\/strong><\/li><\/ol><p>Die Preise werden in Schweizerfranken (CHF) angegeben.<\/p><p>Beh\u00e4lt sich das Recht vor, die Preise jederzeit zu \u00e4ndern. F\u00fcr die K\u00e4ufer\/Kunden gelten die am Bestelldatum auf der Webseite ver\u00f6ffentlichten Preise.<\/p><p>Angebote auf stehen unter der (aufl\u00f6senden) Bedindung einer fehlerhaften Preisangabe oder einer Lieferunm\u00f6glichkeit. Haftet nicht f\u00fcr offensichtlich falsche Preisausschreibungen oder Produktbeschreibungen.<\/p><p>Wok Express beh\u00e4lt sich vor, die angbotenen Dienstleistung mit oder ohne Mitteillung an den Kunden zeitweilig oder auf Dauer zu \u00e4ndern, zu unterbrechen oder einzustellen. Wok Express haftet nicht gegen\u00fcber dem Kunden f\u00fcr die \u00c4nderung, Unterbrechung oder Einstellung des Dienstes.<\/p><ol start=\"5\"><li><strong>Zahlung und Lieferung<\/strong><\/li><\/ol><p>Dem K\u00e4ufer\/Kunden stehen grunds\u00e4tzlich folgende Zahlungsm\u00f6glichkeiten offen:<\/p><p>-PostFinance<\/p><p>-Kreditkarten<\/p><p>-Barzahlung bei \u00dcbergabe der Lieferung<\/p><p>Beh\u00e4lt sich bei jeder Bestellung vor, gewisse Zahlarten nicht (mehr) anzubieten und auf andere Zahlarten zu verweisen.<\/p><ol start=\"6\"><li><strong>Datenschutz<\/strong><\/li><\/ol><p>Wok Express KLG nimmt nur die zwingend ben\u00f6tigten Daten auf und benutzt diese im Rahmen der Abwicklung der Bestellung sowie mit dem Zweck, dem wiederkehrenden Kunden das Einkaufen so einfach wie m\u00f6glich zu gestalten. Die pers\u00f6nlichen Daten werden von entsprechend der Datenschutzgesetzgebung vertraulich behandelt.<\/p><ol start=\"7\"><li><strong>Gew\u00e4hrleistung, Haftung<\/strong><\/li><\/ol><p>Der Kunde erk\u00e4rt sich ausdr\u00fccklich damit einvestanden, dass die Nutzung des von Wok Express KLG zur Verf\u00fcgung gestellten Dienstes auf eigene Gefahr erfolgt.<\/p><p>Eine Haftung von direkte Sc\u00e4den wird soweit gesetzlich zul\u00e4ssig, ausdr\u00fccklich wegbedungen. Eine Haftung f\u00fcr leichtes Verschulden ist damit ausgeschlossen. Ebenso haftet weder f\u00fcr indirekte Sch\u00e4den noch f\u00fcr Folgesch\u00e4den.<\/p><p>Haftet nicht f\u00fcr eine zeitweilige Nichtverf\u00fcgbarkeit der Webseite, ebenso wenig f\u00fcr den Ausfall einzelner oder s\u00e4mtlicher Webseite Funktionen oder Fehlfunktionen der Webseite, noch f\u00fcr die Nutzung der Webseite im Allgemeinen.<\/p><p>Der K\u00e4ufer\/Kunde ist f\u00fcr die Sicherheit der Systeme, Programme und Daten, die sich in seinem Einflussbereich befinden, selber besorgt. Der K\u00e4ufer\/Kunde sollte in eigenem Interesse Passw\u00f6rter und Benutzernamen gegen\u00fcber Dritten geheim halten.<\/p><p>Haften nicht f\u00fcr M\u00e4ngel und St\u00f6rungen, die sie nicht zu vertreten haben, insbesondere nicht f\u00fcr Sicherheitsm\u00e4ngel und Betriebsausf\u00e4lle von Drittunternehmen, mit denen sie zusammenarbeiteten oder von denen sie abh\u00e4ngig sind.<\/p><p>Weiter wird nicht f\u00fcr h\u00f6here Gewalt gehaftet, unsachgem\u00e4sses Vorgehen und Missachtung der Risiken seitens des KJ\u00e4ufers\/Kunden oder Dritter, \u00fcberm\u00e4ssige Beanspruchung, ungeeignte Betriebsmittel, extreme Umgebungseinfl\u00fcsse, Eingriffe des Kunden oder St\u00f6rungen durch Dritter (Viren, W\u00fcrmer usw.), die trotz Sicherheitsvorkehrungen auftreten k\u00f6nnen.<\/p><ol start=\"11\"><li><strong>Schlussbestimmungen<\/strong><\/li><\/ol><p>Sollte eine Bestimmung dieser allgemeinen Gesch\u00e4ftsbedingungen unwirksam sein, so bleibt der Vertrag im \u00dcbrigen wirksam. Anstelle der unwirksamen Bestimmung gelten die einschl\u00e4gigen gesetzlichen Bestimmungen.<\/p>\t\t\t\t\t\t<\/div>\n\t\t\t\t<\/div>\n\t\t\t\t\t<\/div>\n\t\t<\/div>\n\t\t\t\t\t\t\t<\/div>\n\t\t<\/section>\n\t\t\t\t\t\t\t<\/div>","protected":false},"excerpt":{"rendered":"<p>Geltungsbereich \/ Allgemeines Diese Allgemeinen Gesch\u00e4ftsbedingungen ( nachfolgend ABG`s genannt) der Wok Express KLG, Buchwaldstrasse 10, 9008 St.Gallen, nachfolgend Wok Express, regelt die Rechte und Pflichten von Nutzern ( nachfolgend K\u00e4ufer\/Kunden) der Webseite von Wok Express auf www. wokexpress.ch im Zusammenhang mit der Nutzung der angebotenen Dienstleistungen (Nutzung der Webseite, Warenverkauf, usw.) Sie regeln die [&hellip;]<\/p>","protected":false},"author":1,"featured_media":0,"parent":0,"menu_order":0,"comment_status":"closed","ping_status":"closed","template":"","meta":{"footnotes":""},"class_list":["post-7453","page","type-page","status-publish","hentry"],"yoast_head":"<!-- This site is optimized with the Yoast SEO plugin v21.1 - https:\/\/yoast.com\/wordpress\/plugins\/seo\/ -->\n<title>AGB - Wokexpress<\/title>\n<meta name=\"robots\" content=\"index, follow, max-snippet:-1, max-image-preview:large, max-video-preview:-1\" \/>\n<link rel=\"canonical\" href=\"https:\/\/wokexpress.ch\/de\/agb\/\" \/>\n<meta property=\"og:locale\" content=\"de_DE\" \/>\n<meta property=\"og:type\" content=\"article\" \/>\n<meta property=\"og:title\" content=\"AGB - Wokexpress\" \/>\n<meta property=\"og:description\" content=\"Geltungsbereich \/ Allgemeines Diese Allgemeinen Gesch\u00e4ftsbedingungen ( nachfolgend ABG`s genannt) der Wok Express KLG, Buchwaldstrasse 10, 9008 St.Gallen, nachfolgend Wok Express, regelt die Rechte und Pflichten von Nutzern ( nachfolgend K\u00e4ufer\/Kunden) der Webseite von Wok Express auf www. wokexpress.ch im Zusammenhang mit der Nutzung der angebotenen Dienstleistungen (Nutzung der Webseite, Warenverkauf, usw.) Sie regeln die [&hellip;]\" \/>\n<meta property=\"og:url\" content=\"https:\/\/wokexpress.ch\/de\/agb\/\" \/>\n<meta property=\"og:site_name\" content=\"Wokexpress\" \/>\n<meta property=\"article:publisher\" content=\"https:\/\/www.facebook.com\/profile.php?id=100077317638089\" \/>\n<meta property=\"article:modified_time\" content=\"2023-06-11T11:54:48+00:00\" \/>\n<meta name=\"twitter:card\" content=\"summary_large_image\" \/>\n<meta name=\"twitter:label1\" content=\"Gesch\u00e4tzte Lesezeit\" \/>\n\t<meta name=\"twitter:data1\" content=\"4\u00a0Minuten\" \/>\n<script type=\"application\/ld+json\" class=\"yoast-schema-graph\">{\"@context\":\"https:\/\/schema.org\",\"@graph\":[{\"@type\":\"WebPage\",\"@id\":\"https:\/\/wokexpress.ch\/agb\/\",\"url\":\"https:\/\/wokexpress.ch\/agb\/\",\"name\":\"AGB - Wokexpress\",\"isPartOf\":{\"@id\":\"https:\/\/wokexpress.ch\/#website\"},\"datePublished\":\"2023-06-11T11:53:54+00:00\",\"dateModified\":\"2023-06-11T11:54:48+00:00\",\"breadcrumb\":{\"@id\":\"https:\/\/wokexpress.ch\/agb\/#breadcrumb\"},\"inLanguage\":\"de\",\"potentialAction\":[{\"@type\":\"ReadAction\",\"target\":[\"https:\/\/wokexpress.ch\/agb\/\"]}]},{\"@type\":\"BreadcrumbList\",\"@id\":\"https:\/\/wokexpress.ch\/agb\/#breadcrumb\",\"itemListElement\":[{\"@type\":\"ListItem\",\"position\":1,\"name\":\"Home\",\"item\":\"https:\/\/wokexpress.ch\/\"},{\"@type\":\"ListItem\",\"position\":2,\"name\":\"AGB\"}]},{\"@type\":\"WebSite\",\"@id\":\"https:\/\/wokexpress.ch\/#website\",\"url\":\"https:\/\/wokexpress.ch\/\",\"name\":\"Wokexpress\",\"description\":\"Asian Food To You\",\"potentialAction\":[{\"@type\":\"SearchAction\",\"target\":{\"@type\":\"EntryPoint\",\"urlTemplate\":\"https:\/\/wokexpress.ch\/?s={search_term_string}\"},\"query-input\":\"required name=search_term_string\"}],\"inLanguage\":\"de\"}]}<\/script>\n<!-- \/ Yoast SEO plugin. -->","yoast_head_json":{"title":"AGB - Wokexpress","robots":{"index":"index","follow":"follow","max-snippet":"max-snippet:-1","max-image-preview":"max-image-preview:large","max-video-preview":"max-video-preview:-1"},"canonical":"https:\/\/wokexpress.ch\/de\/agb\/","og_locale":"de_DE","og_type":"article","og_title":"AGB - Wokexpress","og_description":"Geltungsbereich \/ Allgemeines Diese Allgemeinen Gesch\u00e4ftsbedingungen ( nachfolgend ABG`s genannt) der Wok Express KLG, Buchwaldstrasse 10, 9008 St.Gallen, nachfolgend Wok Express, regelt die Rechte und Pflichten von Nutzern ( nachfolgend K\u00e4ufer\/Kunden) der Webseite von Wok Express auf www. wokexpress.ch im Zusammenhang mit der Nutzung der angebotenen Dienstleistungen (Nutzung der Webseite, Warenverkauf, usw.) Sie regeln die [&hellip;]","og_url":"https:\/\/wokexpress.ch\/de\/agb\/","og_site_name":"Wokexpress","article_publisher":"https:\/\/www.facebook.com\/profile.php?id=100077317638089","article_modified_time":"2023-06-11T11:54:48+00:00","twitter_card":"summary_large_image","twitter_misc":{"Gesch\u00e4tzte Lesezeit":"4\u00a0Minuten"},"schema":{"@context":"https:\/\/schema.org","@graph":[{"@type":"WebPage","@id":"https:\/\/wokexpress.ch\/agb\/","url":"https:\/\/wokexpress.ch\/agb\/","name":"AGB - Wokexpress","isPartOf":{"@id":"https:\/\/wokexpress.ch\/#website"},"datePublished":"2023-06-11T11:53:54+00:00","dateModified":"2023-06-11T11:54:48+00:00","breadcrumb":{"@id":"https:\/\/wokexpress.ch\/agb\/#breadcrumb"},"inLanguage":"de","potentialAction":[{"@type":"ReadAction","target":["https:\/\/wokexpress.ch\/agb\/"]}]},{"@type":"BreadcrumbList","@id":"https:\/\/wokexpress.ch\/agb\/#breadcrumb","itemListElement":[{"@type":"ListItem","position":1,"name":"Home","item":"https:\/\/wokexpress.ch\/"},{"@type":"ListItem","position":2,"name":"AGB"}]},{"@type":"WebSite","@id":"https:\/\/wokexpress.ch\/#website","url":"https:\/\/wokexpress.ch\/","name":"Wokexpress","description":"Asian Food To You","potentialAction":[{"@type":"SearchAction","target":{"@type":"EntryPoint","urlTemplate":"https:\/\/wokexpress.ch\/?s={search_term_string}"},"query-input":"required name=search_term_string"}],"inLanguage":"de"}]}},"_links":{"self":[{"href":"https:\/\/wokexpress.ch\/de\/wp-json\/wp\/v2\/pages\/7453","targetHints":{"allow":["GET"]}}],"collection":[{"href":"https:\/\/wokexpress.ch\/de\/wp-json\/wp\/v2\/pages"}],"about":[{"href":"https:\/\/wokexpress.ch\/de\/wp-json\/wp\/v2\/types\/page"}],"author":[{"embeddable":true,"href":"https:\/\/wokexpress.ch\/de\/wp-json\/wp\/v2\/users\/1"}],"replies":[{"embeddable":true,"href":"https:\/\/wokexpress.ch\/de\/wp-json\/wp\/v2\/comments?post=7453"}],"version-history":[{"count":0,"href":"https:\/\/wokexpress.ch\/de\/wp-json\/wp\/v2\/pages\/7453\/revisions"}],"wp:attachment":[{"href":"https:\/\/wokexpress.ch\/de\/wp-json\/wp\/v2\/media?parent=7453"}],"curies":[{"name":"wp","href":"https:\/\/api.w.org\/{rel}","templated":true}]}}