{"id":7441,"date":"2023-06-11T10:46:11","date_gmt":"2023-06-11T10:46:11","guid":{"rendered":"https:\/\/wokexpress.ch\/dev1\/?page_id=7441"},"modified":"2023-06-20T16:18:50","modified_gmt":"2023-06-20T16:18:50","slug":"impressum","status":"publish","type":"page","link":"https:\/\/wokexpress.ch\/de\/impressum\/","title":{"rendered":"Impressum"},"content":{"rendered":"<div data-elementor-type=\"wp-page\" data-elementor-id=\"7441\" class=\"elementor elementor-7441\">\n\t\t\t\t\t\t\t\t\t<section class=\"elementor-section elementor-top-section elementor-element elementor-element-1888101 elementor-section-boxed elementor-section-height-default elementor-section-height-default\" data-id=\"1888101\" data-element_type=\"section\">\n\t\t\t\t\t\t<div class=\"elementor-container elementor-column-gap-default\">\n\t\t\t\t\t<div class=\"elementor-column elementor-col-100 elementor-top-column elementor-element elementor-element-05daef7\" data-id=\"05daef7\" data-element_type=\"column\">\n\t\t\t<div class=\"elementor-widget-wrap elementor-element-populated\">\n\t\t\t\t\t\t\t\t<div class=\"elementor-element elementor-element-0dcb953 elementor-widget elementor-widget-text-editor\" data-id=\"0dcb953\" data-element_type=\"widget\" data-widget_type=\"text-editor.default\">\n\t\t\t\t<div class=\"elementor-widget-container\">\n\t\t\t<style>\/*! elementor - v3.15.0 - 20-08-2023 *\/\n.elementor-widget-text-editor.elementor-drop-cap-view-stacked .elementor-drop-cap{background-color:#69727d;color:#fff}.elementor-widget-text-editor.elementor-drop-cap-view-framed .elementor-drop-cap{color:#69727d;border:3px solid;background-color:transparent}.elementor-widget-text-editor:not(.elementor-drop-cap-view-default) .elementor-drop-cap{margin-top:8px}.elementor-widget-text-editor:not(.elementor-drop-cap-view-default) .elementor-drop-cap-letter{width:1em;height:1em}.elementor-widget-text-editor .elementor-drop-cap{float:left;text-align:center;line-height:1;font-size:50px}.elementor-widget-text-editor .elementor-drop-cap-letter{display:inline-block}<\/style>\t\t\t\t<p><i><b>Kontakt-Adresse<\/b><\/i><\/p><p>Wokexpress<br \/>Buchwaldstrasse 10<br \/>9008 St. Gallen<br \/>Schweiz<\/p><p>E-Mail:<br \/>info@wokexpress.ch<\/p><p><strong><i>Vertretungsberechtigte Person(en)<\/i><\/strong><\/p><p>Shepon Mondol, Gesch\u00e4ftsleitung<br \/>Vi Nghiep Lu, Gesch\u00e4ftsleitung<\/p><p><strong><i>Handelsregister-Eintrag<\/i><\/strong><\/p><p>Eingetragener Firmenname:<br \/><strong>Wokexpress KLG<\/strong><\/p><p>Unternehmens-Nr (UID):<br \/><strong>CHE-499.120.891<\/strong><\/p><p>Mehrwertsteuer-Nummer<br \/><strong>CHE-499.120.891 MWST<\/strong><\/p><p><strong><i>Haftungsausschluss<\/i><\/strong><\/p><p>Der Autor \u00fcbernimmt keinerlei Gew\u00e4hr hinsichtlich der inhaltlichen Richtigkeit, Genauigkeit, Aktualit\u00e4t, Zuverl\u00e4ssigkeit und Vollst\u00e4ndigkeit der Informationen.<\/p><p>Haftungsanspr\u00fcche gegen den Autor wegen Sch\u00e4den materieller oder immaterieller Art, welche aus dem Zugriff oder der Nutzung bzw. Nichtnutzung der ver\u00f6ffentlichten Informationen, durch Missbrauch der Verbindung oder durch technische St\u00f6rungen entstanden sind, werden ausgeschlossen.<\/p><p>Alle Angebote sind unverbindlich. Der Autor beh\u00e4lt es sich ausdr\u00fccklich vor, Teile der Seiten oder das gesamte Angebot ohne besondere Ank\u00fcndigung zu ver\u00e4ndern, zu erg\u00e4nzen, zu l\u00f6schen oder die Ver\u00f6ffentlichung zeitweise oder endg\u00fcltig einzustellen.<\/p><p><strong><i>Haftungsausschluss f\u00fcr Links<\/i><\/strong><\/p><p>Verweise und Links auf Webseiten Dritter liegen ausserhalb unseres Verantwortungsbereichs. Es wird jegliche Verantwortung f\u00fcr solche Webseiten abgelehnt. Der Zugriff und die Nutzung solcher Webseiten erfolgen auf eigene Gefahr des jeweiligen Nutzers.<\/p><p><strong><i>Urheberrechte<\/i><\/strong><\/p><p>Die Urheber- und alle anderen Rechte an Inhalten, Bildern, Fotos oder anderen Dateien auf dieser Website, geh\u00f6ren ausschliesslich\u00a0<strong>der Firma Wokexpress<\/strong>\u00a0oder den speziell genannten Rechteinhabern. F\u00fcr die Reproduktion jeglicher Elemente ist die schriftliche Zustimmung des Urheberrechtstr\u00e4gers im Voraus einzuholen.<\/p><p>Quelle:\u00a0<a href=\"https:\/\/www.swissanwalt.ch\/\" target=\"_blank\" rel=\"noopener\">SwissAnwalt<\/a><\/p><p><em><strong>Quellen der Zutaten<\/strong><\/em><br \/>Rindfleisch: Schweiz<br \/>Gefl\u00fcgel: Schweiz<br \/>Planted Chicken (100 % vegan): Schweiz<br \/>Entweder: Thailand<br \/>Crevetten: Vietnam<\/p><p>\u00a0<\/p>\t\t\t\t\t\t<\/div>\n\t\t\t\t<\/div>\n\t\t\t\t\t<\/div>\n\t\t<\/div>\n\t\t\t\t\t\t\t<\/div>\n\t\t<\/section>\n\t\t\t\t\t\t\t<\/div>","protected":false},"excerpt":{"rendered":"<p>Kontakt-Adresse WokexpressBuchwaldstrasse 109008 St. GallenSchweiz E-Mail:info@wokexpress.ch Vertretungsberechtigte Person(en) Shepon Mondol, Gesch\u00e4ftsleitungVi Nghiep Lu, Gesch\u00e4ftsleitung Handelsregister-Eintrag Eingetragener Firmenname:Wokexpress KLG Unternehmens-Nr (UID):CHE-499.120.891 Mehrwertsteuer-NummerCHE-499.120.891 MWST Haftungsausschluss Der Autor \u00fcbernimmt keinerlei Gew\u00e4hr hinsichtlich der inhaltlichen Richtigkeit, Genauigkeit, Aktualit\u00e4t, Zuverl\u00e4ssigkeit und Vollst\u00e4ndigkeit der Informationen. Haftungsanspr\u00fcche gegen den Autor wegen Sch\u00e4den materieller oder immaterieller Art, welche aus dem Zugriff oder der [&hellip;]<\/p>","protected":false},"author":1,"featured_media":0,"parent":0,"menu_order":0,"comment_status":"closed","ping_status":"closed","template":"","meta":{"footnotes":""},"class_list":["post-7441","page","type-page","status-publish","hentry"],"yoast_head":"<!-- This site is optimized with the Yoast SEO plugin v21.1 - https:\/\/yoast.com\/wordpress\/plugins\/seo\/ -->\n<title>Impressum - Wokexpress<\/title>\n<meta name=\"robots\" content=\"index, follow, max-snippet:-1, max-image-preview:large, max-video-preview:-1\" \/>\n<link rel=\"canonical\" href=\"https:\/\/wokexpress.ch\/de\/impressum\/\" \/>\n<meta property=\"og:locale\" content=\"de_DE\" \/>\n<meta property=\"og:type\" content=\"article\" \/>\n<meta property=\"og:title\" content=\"Impressum - Wokexpress\" \/>\n<meta property=\"og:description\" content=\"Kontakt-Adresse WokexpressBuchwaldstrasse 109008 St. GallenSchweiz E-Mail:info@wokexpress.ch Vertretungsberechtigte Person(en) Shepon Mondol, Gesch\u00e4ftsleitungVi Nghiep Lu, Gesch\u00e4ftsleitung Handelsregister-Eintrag Eingetragener Firmenname:Wokexpress KLG Unternehmens-Nr (UID):CHE-499.120.891 Mehrwertsteuer-NummerCHE-499.120.891 MWST Haftungsausschluss Der Autor \u00fcbernimmt keinerlei Gew\u00e4hr hinsichtlich der inhaltlichen Richtigkeit, Genauigkeit, Aktualit\u00e4t, Zuverl\u00e4ssigkeit und Vollst\u00e4ndigkeit der Informationen. Haftungsanspr\u00fcche gegen den Autor wegen Sch\u00e4den materieller oder immaterieller Art, welche aus dem Zugriff oder der [&hellip;]\" \/>\n<meta property=\"og:url\" content=\"https:\/\/wokexpress.ch\/de\/impressum\/\" \/>\n<meta property=\"og:site_name\" content=\"Wokexpress\" \/>\n<meta property=\"article:publisher\" content=\"https:\/\/www.facebook.com\/profile.php?id=100077317638089\" \/>\n<meta property=\"article:modified_time\" content=\"2023-06-20T16:18:50+00:00\" \/>\n<meta name=\"twitter:card\" content=\"summary_large_image\" \/>\n<meta name=\"twitter:label1\" content=\"Gesch\u00e4tzte Lesezeit\" \/>\n\t<meta name=\"twitter:data1\" content=\"1\u00a0Minute\" \/>\n<script type=\"application\/ld+json\" class=\"yoast-schema-graph\">{\"@context\":\"https:\/\/schema.org\",\"@graph\":[{\"@type\":\"WebPage\",\"@id\":\"https:\/\/wokexpress.ch\/impressum\/\",\"url\":\"https:\/\/wokexpress.ch\/impressum\/\",\"name\":\"Impressum - Wokexpress\",\"isPartOf\":{\"@id\":\"https:\/\/wokexpress.ch\/#website\"},\"datePublished\":\"2023-06-11T10:46:11+00:00\",\"dateModified\":\"2023-06-20T16:18:50+00:00\",\"breadcrumb\":{\"@id\":\"https:\/\/wokexpress.ch\/impressum\/#breadcrumb\"},\"inLanguage\":\"de\",\"potentialAction\":[{\"@type\":\"ReadAction\",\"target\":[\"https:\/\/wokexpress.ch\/impressum\/\"]}]},{\"@type\":\"BreadcrumbList\",\"@id\":\"https:\/\/wokexpress.ch\/impressum\/#breadcrumb\",\"itemListElement\":[{\"@type\":\"ListItem\",\"position\":1,\"name\":\"Home\",\"item\":\"https:\/\/wokexpress.ch\/\"},{\"@type\":\"ListItem\",\"position\":2,\"name\":\"Impressum\"}]},{\"@type\":\"WebSite\",\"@id\":\"https:\/\/wokexpress.ch\/#website\",\"url\":\"https:\/\/wokexpress.ch\/\",\"name\":\"Wokexpress\",\"description\":\"Asian Food To You\",\"potentialAction\":[{\"@type\":\"SearchAction\",\"target\":{\"@type\":\"EntryPoint\",\"urlTemplate\":\"https:\/\/wokexpress.ch\/?s={search_term_string}\"},\"query-input\":\"required name=search_term_string\"}],\"inLanguage\":\"de\"}]}<\/script>\n<!-- \/ Yoast SEO plugin. -->","yoast_head_json":{"title":"Impressum - Wokexpress","robots":{"index":"index","follow":"follow","max-snippet":"max-snippet:-1","max-image-preview":"max-image-preview:large","max-video-preview":"max-video-preview:-1"},"canonical":"https:\/\/wokexpress.ch\/de\/impressum\/","og_locale":"de_DE","og_type":"article","og_title":"Impressum - Wokexpress","og_description":"Kontakt-Adresse WokexpressBuchwaldstrasse 109008 St. GallenSchweiz E-Mail:info@wokexpress.ch Vertretungsberechtigte Person(en) Shepon Mondol, Gesch\u00e4ftsleitungVi Nghiep Lu, Gesch\u00e4ftsleitung Handelsregister-Eintrag Eingetragener Firmenname:Wokexpress KLG Unternehmens-Nr (UID):CHE-499.120.891 Mehrwertsteuer-NummerCHE-499.120.891 MWST Haftungsausschluss Der Autor \u00fcbernimmt keinerlei Gew\u00e4hr hinsichtlich der inhaltlichen Richtigkeit, Genauigkeit, Aktualit\u00e4t, Zuverl\u00e4ssigkeit und Vollst\u00e4ndigkeit der Informationen. Haftungsanspr\u00fcche gegen den Autor wegen Sch\u00e4den materieller oder immaterieller Art, welche aus dem Zugriff oder der [&hellip;]","og_url":"https:\/\/wokexpress.ch\/de\/impressum\/","og_site_name":"Wokexpress","article_publisher":"https:\/\/www.facebook.com\/profile.php?id=100077317638089","article_modified_time":"2023-06-20T16:18:50+00:00","twitter_card":"summary_large_image","twitter_misc":{"Gesch\u00e4tzte Lesezeit":"1\u00a0Minute"},"schema":{"@context":"https:\/\/schema.org","@graph":[{"@type":"WebPage","@id":"https:\/\/wokexpress.ch\/impressum\/","url":"https:\/\/wokexpress.ch\/impressum\/","name":"Impressum - Wokexpress","isPartOf":{"@id":"https:\/\/wokexpress.ch\/#website"},"datePublished":"2023-06-11T10:46:11+00:00","dateModified":"2023-06-20T16:18:50+00:00","breadcrumb":{"@id":"https:\/\/wokexpress.ch\/impressum\/#breadcrumb"},"inLanguage":"de","potentialAction":[{"@type":"ReadAction","target":["https:\/\/wokexpress.ch\/impressum\/"]}]},{"@type":"BreadcrumbList","@id":"https:\/\/wokexpress.ch\/impressum\/#breadcrumb","itemListElement":[{"@type":"ListItem","position":1,"name":"Home","item":"https:\/\/wokexpress.ch\/"},{"@type":"ListItem","position":2,"name":"Impressum"}]},{"@type":"WebSite","@id":"https:\/\/wokexpress.ch\/#website","url":"https:\/\/wokexpress.ch\/","name":"Wokexpress","description":"Asian Food To You","potentialAction":[{"@type":"SearchAction","target":{"@type":"EntryPoint","urlTemplate":"https:\/\/wokexpress.ch\/?s={search_term_string}"},"query-input":"required name=search_term_string"}],"inLanguage":"de"}]}},"_links":{"self":[{"href":"https:\/\/wokexpress.ch\/de\/wp-json\/wp\/v2\/pages\/7441","targetHints":{"allow":["GET"]}}],"collection":[{"href":"https:\/\/wokexpress.ch\/de\/wp-json\/wp\/v2\/pages"}],"about":[{"href":"https:\/\/wokexpress.ch\/de\/wp-json\/wp\/v2\/types\/page"}],"author":[{"embeddable":true,"href":"https:\/\/wokexpress.ch\/de\/wp-json\/wp\/v2\/users\/1"}],"replies":[{"embeddable":true,"href":"https:\/\/wokexpress.ch\/de\/wp-json\/wp\/v2\/comments?post=7441"}],"version-history":[{"count":0,"href":"https:\/\/wokexpress.ch\/de\/wp-json\/wp\/v2\/pages\/7441\/revisions"}],"wp:attachment":[{"href":"https:\/\/wokexpress.ch\/de\/wp-json\/wp\/v2\/media?parent=7441"}],"curies":[{"name":"wp","href":"https:\/\/api.w.org\/{rel}","templated":true}]}}