{"id":184,"date":"2020-08-25T09:17:35","date_gmt":"2020-08-25T09:17:35","guid":{"rendered":"https:\/\/demo2wpopal.b-cdn.net\/poco\/?page_id=184"},"modified":"2025-07-17T07:07:14","modified_gmt":"2025-07-17T06:07:14","slug":"about-us","status":"publish","type":"page","link":"https:\/\/wokexpress.ch\/de\/about-us\/","title":{"rendered":"\u00dcber uns"},"content":{"rendered":"<div data-elementor-type=\"wp-page\" data-elementor-id=\"184\" class=\"elementor elementor-184\">\n\t\t\t\t\t\t\t\t\t<div class=\"elementor-section elementor-top-section elementor-element elementor-element-4b2032e elementor-section-stretched elementor-section-boxed elementor-section-height-default elementor-section-height-default\" data-id=\"4b2032e\" data-element_type=\"section\" data-settings=\"{&quot;stretch_section&quot;:&quot;section-stretched&quot;}\">\n\t\t\t\t\t\t<div class=\"elementor-container elementor-column-gap-no\">\n\t\t\t\t\t<div class=\"elementor-column elementor-col-50 elementor-top-column elementor-element elementor-element-332527e\" data-id=\"332527e\" data-element_type=\"column\">\n\t\t\t<div class=\"elementor-widget-wrap elementor-element-populated\">\n\t\t\t\t\t\t\t\t<div class=\"elementor-element elementor-element-087a4ee elementor-widget__width-auto elementor-absolute elementor-widget elementor-widget-image\" data-id=\"087a4ee\" data-element_type=\"widget\" data-settings=\"{&quot;_position&quot;:&quot;absolute&quot;,&quot;motion_fx_motion_fx_scrolling&quot;:&quot;yes&quot;,&quot;motion_fx_translateY_effect&quot;:&quot;yes&quot;,&quot;motion_fx_translateY_speed&quot;:{&quot;unit&quot;:&quot;px&quot;,&quot;size&quot;:4,&quot;sizes&quot;:[]},&quot;motion_fx_translateY_affectedRange&quot;:{&quot;unit&quot;:&quot;%&quot;,&quot;size&quot;:&quot;&quot;,&quot;sizes&quot;:{&quot;start&quot;:0,&quot;end&quot;:100}},&quot;motion_fx_devices&quot;:[&quot;desktop&quot;,&quot;tablet&quot;,&quot;mobile&quot;]}\" data-widget_type=\"image.default\">\n\t\t\t\t<div class=\"elementor-widget-container\">\n\t\t\t<style>\/*! elementor - v3.15.0 - 20-08-2023 *\/\n.elementor-widget-image{text-align:center}.elementor-widget-image a{display:inline-block}.elementor-widget-image a img[src$=\".svg\"]{width:48px}.elementor-widget-image img{vertical-align:middle;display:inline-block}<\/style>\t\t\t\t\t\t\t\t\t\t\t\t<img loading=\"lazy\" decoding=\"async\" width=\"143\" height=\"89\" src=\"https:\/\/wokexpress.ch\/wp-content\/uploads\/2020\/08\/vector1-h3.png\" class=\"attachment-full size-full wp-image-584\" alt=\"\" \/>\t\t\t\t\t\t\t\t\t\t\t\t\t\t\t<\/div>\n\t\t\t\t<\/div>\n\t\t\t\t<div class=\"elementor-element elementor-element-9e9c374 elementor-widget elementor-widget-text-editor\" data-id=\"9e9c374\" data-element_type=\"widget\" data-widget_type=\"text-editor.default\">\n\t\t\t\t<div class=\"elementor-widget-container\">\n\t\t\t<style>\/*! elementor - v3.15.0 - 20-08-2023 *\/\n.elementor-widget-text-editor.elementor-drop-cap-view-stacked .elementor-drop-cap{background-color:#69727d;color:#fff}.elementor-widget-text-editor.elementor-drop-cap-view-framed .elementor-drop-cap{color:#69727d;border:3px solid;background-color:transparent}.elementor-widget-text-editor:not(.elementor-drop-cap-view-default) .elementor-drop-cap{margin-top:8px}.elementor-widget-text-editor:not(.elementor-drop-cap-view-default) .elementor-drop-cap-letter{width:1em;height:1em}.elementor-widget-text-editor .elementor-drop-cap{float:left;text-align:center;line-height:1;font-size:50px}.elementor-widget-text-editor .elementor-drop-cap-letter{display:inline-block}<\/style>\t\t\t\t<p>Welcome!<\/p>\t\t\t\t\t\t<\/div>\n\t\t\t\t<\/div>\n\t\t\t\t<div class=\"elementor-element elementor-element-64782fe elementor-widget elementor-widget-heading\" data-id=\"64782fe\" data-element_type=\"widget\" data-widget_type=\"heading.default\">\n\t\t\t\t<div class=\"elementor-widget-container\">\n\t\t\t<style>\/*! elementor - v3.15.0 - 20-08-2023 *\/\n.elementor-heading-title{padding:0;margin:0;line-height:1}.elementor-widget-heading .elementor-heading-title[class*=elementor-size-]>a{color:inherit;font-size:inherit;line-height:inherit}.elementor-widget-heading .elementor-heading-title.elementor-size-small{font-size:15px}.elementor-widget-heading .elementor-heading-title.elementor-size-medium{font-size:19px}.elementor-widget-heading .elementor-heading-title.elementor-size-large{font-size:29px}.elementor-widget-heading .elementor-heading-title.elementor-size-xl{font-size:39px}.elementor-widget-heading .elementor-heading-title.elementor-size-xxl{font-size:59px}<\/style><h2 class=\"elementor-heading-title elementor-size-default\">Das beste asiatische Essen in Ihrer Stadt<\/h2>\t\t<\/div>\n\t\t\t\t<\/div>\n\t\t\t\t<div class=\"elementor-element elementor-element-28db4fa elementor-widget elementor-widget-text-editor\" data-id=\"28db4fa\" data-element_type=\"widget\" data-widget_type=\"text-editor.default\">\n\t\t\t\t<div class=\"elementor-widget-container\">\n\t\t\t\t\t\t\t<p>Seit dem 8. M\u00e4rz 2022 sind wir in St. Gallen aufgebrochen und seitdem versorgt Wokexpres die Stadt St. Gallen und die umliegenden Orte mit hochwertiger, verzehrfertiger asiatischer K\u00fcche.<\/p><p>Wir sind stolz darauf, ein einzigartiges kulinarisches Erlebnis zu bieten, das von den reichen und vielf\u00e4ltigen Aromen Asiens inspiriert ist. Unser Restaurant kombiniert traditionelle asiatische K\u00fcche mit modernen Techniken, um f\u00fcr Sie ein unvergessliches kulinarisches Erlebnis zu schaffen.<\/p><p>Unsere Speisekarte ist sorgf\u00e4ltig zusammengestellt, um das Beste der asiatischen K\u00fcche zu pr\u00e4sentieren und bietet eine gro\u00dfe Auswahl an Gerichten, die von verschiedenen Regionen wie Thailand, China, der Mongolei, Indonesien und Vietnam beeinflusst sind. Egal, ob Sie Suppe, Sushi, gebratene Nudeln oder Reis oder aromatische Currys m\u00f6gen, auf unserer Speisekarte ist f\u00fcr jeden Gaumen etwas dabei.<\/p><p>Wir sind bestrebt, die frischesten und besten verf\u00fcgbaren Zutaten zu verwenden, um sicherzustellen, dass jedes Gericht voller authentischer Aromen und Texturen ist. Unsere talentierten K\u00f6che, die sich mit asiatischen Kochtechniken bestens auskennen, bereiten jedes Gericht sorgf\u00e4ltig und mit viel Liebe zum Detail zu und sorgen so f\u00fcr eine ansprechende Optik und einen exquisiten Geschmack.<\/p><p>Deshalb freuen wir uns darauf, Ihnen hier ein achtsames Erlebnis zu bieten und unsere Leidenschaft f\u00fcr die asiatische K\u00fcche mit Ihnen zu teilen.<\/p>\t\t\t\t\t\t<\/div>\n\t\t\t\t<\/div>\n\t\t\t\t<div class=\"elementor-element elementor-element-5cf05e2 elementor-mobile-align-center elementor-widget elementor-widget-button\" data-id=\"5cf05e2\" data-element_type=\"widget\" data-widget_type=\"button.default\">\n\t\t\t\t<div class=\"elementor-widget-container\">\n\t\t\t\t\t<div class=\"elementor-button-wrapper\">\n\t\t\t<a class=\"elementor-button elementor-button-link elementor-size-sm\" href=\"https:\/\/wokexpress.ch\/de\/shop\/\">\n\t\t\t\t\t\t<span class=\"elementor-button-content-wrapper\">\n\t\t\t\t\t\t<span class=\"elementor-button-text\">Jetzt shoppen<\/span>\n\t\t<\/span>\n\t\t\t\t\t<\/a>\n\t\t<\/div>\n\t\t\t\t<\/div>\n\t\t\t\t<\/div>\n\t\t\t\t\t<\/div>\n\t\t<\/div>\n\t\t\t\t<div class=\"elementor-column elementor-col-50 elementor-top-column elementor-element elementor-element-b6e3738 elementor-hidden-phone\" data-id=\"b6e3738\" data-element_type=\"column\">\n\t\t\t<div class=\"elementor-widget-wrap elementor-element-populated\">\n\t\t\t\t\t\t\t\t<div class=\"elementor-section elementor-inner-section elementor-element elementor-element-aa50968 elementor-section-boxed elementor-section-height-default elementor-section-height-default\" data-id=\"aa50968\" data-element_type=\"section\">\n\t\t\t\t\t\t<div class=\"elementor-container elementor-column-gap-no\">\n\t\t\t\t\t<div class=\"elementor-column elementor-col-100 elementor-inner-column elementor-element elementor-element-e2a38c9\" data-id=\"e2a38c9\" data-element_type=\"column\">\n\t\t\t<div class=\"elementor-widget-wrap elementor-element-populated\">\n\t\t\t\t\t\t\t\t<div class=\"elementor-element elementor-element-5525bc7 elementor-invisible elementor-widget elementor-widget-image\" data-id=\"5525bc7\" data-element_type=\"widget\" data-settings=\"{&quot;_animation&quot;:&quot;opal-move-up&quot;,&quot;_animation_delay&quot;:600}\" data-widget_type=\"image.default\">\n\t\t\t\t<div class=\"elementor-widget-container\">\n\t\t\t\t\t\t\t\t\t\t\t\t\t\t\t<img loading=\"lazy\" decoding=\"async\" width=\"328\" height=\"511\" src=\"https:\/\/wokexpress.ch\/wp-content\/uploads\/2023\/06\/Flamme.png\" class=\"elementor-animation-float attachment-full size-full wp-image-7489\" alt=\"\" srcset=\"https:\/\/wokexpress.ch\/wp-content\/uploads\/2023\/06\/Flamme.png 328w, https:\/\/wokexpress.ch\/wp-content\/uploads\/2023\/06\/Flamme-193x300.png 193w\" sizes=\"auto, (max-width: 328px) 100vw, 328px\" \/>\t\t\t\t\t\t\t\t\t\t\t\t\t\t\t<\/div>\n\t\t\t\t<\/div>\n\t\t\t\t<div class=\"elementor-element elementor-element-7d21a14 elementor-widget__width-auto elementor-absolute elementor-widget elementor-widget-image\" data-id=\"7d21a14\" data-element_type=\"widget\" data-settings=\"{&quot;motion_fx_motion_fx_scrolling&quot;:&quot;yes&quot;,&quot;motion_fx_translateY_effect&quot;:&quot;yes&quot;,&quot;_position&quot;:&quot;absolute&quot;,&quot;motion_fx_translateY_speed&quot;:{&quot;unit&quot;:&quot;px&quot;,&quot;size&quot;:4,&quot;sizes&quot;:[]},&quot;motion_fx_translateY_affectedRange&quot;:{&quot;unit&quot;:&quot;%&quot;,&quot;size&quot;:&quot;&quot;,&quot;sizes&quot;:{&quot;start&quot;:0,&quot;end&quot;:100}},&quot;motion_fx_devices&quot;:[&quot;desktop&quot;,&quot;tablet&quot;,&quot;mobile&quot;]}\" data-widget_type=\"image.default\">\n\t\t\t\t<div class=\"elementor-widget-container\">\n\t\t\t\t\t\t\t\t\t\t\t\t\t\t\t<img loading=\"lazy\" decoding=\"async\" width=\"84\" height=\"94\" src=\"https:\/\/wokexpress.ch\/wp-content\/uploads\/2020\/08\/vector3-h3.png\" class=\"attachment-full size-full wp-image-586\" alt=\"\" \/>\t\t\t\t\t\t\t\t\t\t\t\t\t\t\t<\/div>\n\t\t\t\t<\/div>\n\t\t\t\t\t<\/div>\n\t\t<\/div>\n\t\t\t\t\t\t\t<\/div>\n\t\t<\/div>\n\t\t\t\t\t<\/div>\n\t\t<\/div>\n\t\t\t\t\t\t\t<\/div>\n\t\t<\/div>\n\t\t\t\t<div class=\"elementor-section elementor-top-section elementor-element elementor-element-ec6c8a9 elementor-section-stretched elementor-section-height-min-height elementor-section-boxed elementor-section-height-default elementor-section-items-middle\" data-id=\"ec6c8a9\" data-element_type=\"section\" data-settings=\"{&quot;stretch_section&quot;:&quot;section-stretched&quot;,&quot;background_background&quot;:&quot;classic&quot;,&quot;background_motion_fx_motion_fx_scrolling&quot;:&quot;yes&quot;,&quot;background_motion_fx_translateY_effect&quot;:&quot;yes&quot;,&quot;background_motion_fx_translateY_speed&quot;:{&quot;unit&quot;:&quot;px&quot;,&quot;size&quot;:7,&quot;sizes&quot;:[]},&quot;background_motion_fx_translateY_affectedRange&quot;:{&quot;unit&quot;:&quot;%&quot;,&quot;size&quot;:&quot;&quot;,&quot;sizes&quot;:{&quot;start&quot;:0,&quot;end&quot;:100}},&quot;background_motion_fx_devices&quot;:[&quot;desktop&quot;,&quot;tablet&quot;,&quot;mobile&quot;]}\">\n\t\t\t\t\t\t\t<div class=\"elementor-background-overlay\"><\/div>\n\t\t\t\t\t\t\t<div class=\"elementor-container elementor-column-gap-no\">\n\t\t\t\t\t<div class=\"elementor-column elementor-col-100 elementor-top-column elementor-element elementor-element-3b71bab\" data-id=\"3b71bab\" data-element_type=\"column\">\n\t\t\t<div class=\"elementor-widget-wrap elementor-element-populated\">\n\t\t\t\t\t\t\t\t<div class=\"elementor-element elementor-element-7b92722 elementor-widget elementor-widget-poco-video-popup\" data-id=\"7b92722\" data-element_type=\"widget\" data-widget_type=\"poco-video-popup.default\">\n\t\t\t\t<div class=\"elementor-widget-container\">\n\t\t\t        <div class=\"elementor-video-wrapper opal-video-popup\">\n            <a class=\"elementor-video-popup\" role=\"button\" href=\"https:\/\/wokexpress.ch\/wp-content\/uploads\/2023\/05\/Wokexpress-Welcome-6.mp4\" data-effect=\"mfp-zoom-in\">\n                 <span class=\"elementor-video-icons\"><i class=\"icon\"><\/i><\/span>            <\/a>\n        <\/div>\n        \t\t<\/div>\n\t\t\t\t<\/div>\n\t\t\t\t<div class=\"elementor-element elementor-element-65c9cdd elementor-widget elementor-widget-heading\" data-id=\"65c9cdd\" data-element_type=\"widget\" data-widget_type=\"heading.default\">\n\t\t\t\t<div class=\"elementor-widget-container\">\n\t\t\t<h2 class=\"elementor-heading-title elementor-size-default\">Genie\u00dfen Sie unsere k\u00f6stlichen Gerichte, wo immer Sie m\u00f6chten<\/h2>\t\t<\/div>\n\t\t\t\t<\/div>\n\t\t\t\t<div class=\"elementor-element elementor-element-38ac398 elementor-mobile-align-center elementor-align-center elementor-widget elementor-widget-button\" data-id=\"38ac398\" data-element_type=\"widget\" data-widget_type=\"button.default\">\n\t\t\t\t<div class=\"elementor-widget-container\">\n\t\t\t\t\t<div class=\"elementor-button-wrapper\">\n\t\t\t<a class=\"elementor-button elementor-button-link elementor-size-sm\" href=\"https:\/\/wokexpress.ch\/de\/shop\/\">\n\t\t\t\t\t\t<span class=\"elementor-button-content-wrapper\">\n\t\t\t\t\t\t<span class=\"elementor-button-text\">Jetzt Bestellen<\/span>\n\t\t<\/span>\n\t\t\t\t\t<\/a>\n\t\t<\/div>\n\t\t\t\t<\/div>\n\t\t\t\t<\/div>\n\t\t\t\t\t<\/div>\n\t\t<\/div>\n\t\t\t\t\t\t\t<\/div>\n\t\t<\/div>\n\t\t\t\t\t\t\t<\/div>","protected":false},"excerpt":{"rendered":"<p>Welcome! The best Asian food in your city We opened in St. Gallen on March 8, 2022, and since then, Wokexpres has been supplying the city of St. Gallen and the surrounding areas with high-quality, ready-to-eat Asian cuisine. We pride ourselves on offering a unique dining experience inspired by the rich and diverse flavors of [&hellip;]<\/p>","protected":false},"author":1,"featured_media":0,"parent":0,"menu_order":0,"comment_status":"closed","ping_status":"closed","template":"","meta":{"footnotes":""},"class_list":["post-184","page","type-page","status-publish","hentry"],"yoast_head":"<!-- This site is optimized with the Yoast SEO plugin v21.1 - https:\/\/yoast.com\/wordpress\/plugins\/seo\/ -->\n<title>About us - Wokexpress<\/title>\n<meta name=\"robots\" content=\"index, follow, max-snippet:-1, max-image-preview:large, max-video-preview:-1\" \/>\n<link rel=\"canonical\" href=\"https:\/\/wokexpress.ch\/de\/about-us\/\" \/>\n<meta property=\"og:locale\" content=\"de_DE\" \/>\n<meta property=\"og:type\" content=\"article\" \/>\n<meta property=\"og:title\" content=\"About us - Wokexpress\" \/>\n<meta property=\"og:description\" content=\"Welcome! The best Asian food in your city We opened in St. Gallen on March 8, 2022, and since then, Wokexpres has been supplying the city of St. Gallen and the surrounding areas with high-quality, ready-to-eat Asian cuisine. We pride ourselves on offering a unique dining experience inspired by the rich and diverse flavors of [&hellip;]\" \/>\n<meta property=\"og:url\" content=\"https:\/\/wokexpress.ch\/de\/about-us\/\" \/>\n<meta property=\"og:site_name\" content=\"Wokexpress\" \/>\n<meta property=\"article:publisher\" content=\"https:\/\/www.facebook.com\/profile.php?id=100077317638089\" \/>\n<meta property=\"article:modified_time\" content=\"2025-07-17T06:07:14+00:00\" \/>\n<meta property=\"og:image\" content=\"https:\/\/wokexpress.ch\/wp-content\/uploads\/2020\/08\/vector1-h3.png\" \/>\n<meta name=\"twitter:card\" content=\"summary_large_image\" \/>\n<meta name=\"twitter:label1\" content=\"Gesch\u00e4tzte Lesezeit\" \/>\n\t<meta name=\"twitter:data1\" content=\"2\u00a0Minuten\" \/>\n<script type=\"application\/ld+json\" class=\"yoast-schema-graph\">{\"@context\":\"https:\/\/schema.org\",\"@graph\":[{\"@type\":\"WebPage\",\"@id\":\"https:\/\/wokexpress.ch\/about-us\/\",\"url\":\"https:\/\/wokexpress.ch\/about-us\/\",\"name\":\"About us - Wokexpress\",\"isPartOf\":{\"@id\":\"https:\/\/wokexpress.ch\/#website\"},\"datePublished\":\"2020-08-25T09:17:35+00:00\",\"dateModified\":\"2025-07-17T06:07:14+00:00\",\"breadcrumb\":{\"@id\":\"https:\/\/wokexpress.ch\/about-us\/#breadcrumb\"},\"inLanguage\":\"de\",\"potentialAction\":[{\"@type\":\"ReadAction\",\"target\":[\"https:\/\/wokexpress.ch\/about-us\/\"]}]},{\"@type\":\"BreadcrumbList\",\"@id\":\"https:\/\/wokexpress.ch\/about-us\/#breadcrumb\",\"itemListElement\":[{\"@type\":\"ListItem\",\"position\":1,\"name\":\"Home\",\"item\":\"https:\/\/wokexpress.ch\/\"},{\"@type\":\"ListItem\",\"position\":2,\"name\":\"About us\"}]},{\"@type\":\"WebSite\",\"@id\":\"https:\/\/wokexpress.ch\/#website\",\"url\":\"https:\/\/wokexpress.ch\/\",\"name\":\"Wokexpress\",\"description\":\"Asian Food To You\",\"potentialAction\":[{\"@type\":\"SearchAction\",\"target\":{\"@type\":\"EntryPoint\",\"urlTemplate\":\"https:\/\/wokexpress.ch\/?s={search_term_string}\"},\"query-input\":\"required name=search_term_string\"}],\"inLanguage\":\"de\"}]}<\/script>\n<!-- \/ Yoast SEO plugin. -->","yoast_head_json":{"title":"About us - Wokexpress","robots":{"index":"index","follow":"follow","max-snippet":"max-snippet:-1","max-image-preview":"max-image-preview:large","max-video-preview":"max-video-preview:-1"},"canonical":"https:\/\/wokexpress.ch\/de\/about-us\/","og_locale":"de_DE","og_type":"article","og_title":"About us - Wokexpress","og_description":"Welcome! The best Asian food in your city We opened in St. Gallen on March 8, 2022, and since then, Wokexpres has been supplying the city of St. Gallen and the surrounding areas with high-quality, ready-to-eat Asian cuisine. We pride ourselves on offering a unique dining experience inspired by the rich and diverse flavors of [&hellip;]","og_url":"https:\/\/wokexpress.ch\/de\/about-us\/","og_site_name":"Wokexpress","article_publisher":"https:\/\/www.facebook.com\/profile.php?id=100077317638089","article_modified_time":"2025-07-17T06:07:14+00:00","og_image":[{"url":"https:\/\/wokexpress.ch\/wp-content\/uploads\/2020\/08\/vector1-h3.png"}],"twitter_card":"summary_large_image","twitter_misc":{"Gesch\u00e4tzte Lesezeit":"2\u00a0Minuten"},"schema":{"@context":"https:\/\/schema.org","@graph":[{"@type":"WebPage","@id":"https:\/\/wokexpress.ch\/about-us\/","url":"https:\/\/wokexpress.ch\/about-us\/","name":"About us - Wokexpress","isPartOf":{"@id":"https:\/\/wokexpress.ch\/#website"},"datePublished":"2020-08-25T09:17:35+00:00","dateModified":"2025-07-17T06:07:14+00:00","breadcrumb":{"@id":"https:\/\/wokexpress.ch\/about-us\/#breadcrumb"},"inLanguage":"de","potentialAction":[{"@type":"ReadAction","target":["https:\/\/wokexpress.ch\/about-us\/"]}]},{"@type":"BreadcrumbList","@id":"https:\/\/wokexpress.ch\/about-us\/#breadcrumb","itemListElement":[{"@type":"ListItem","position":1,"name":"Home","item":"https:\/\/wokexpress.ch\/"},{"@type":"ListItem","position":2,"name":"About us"}]},{"@type":"WebSite","@id":"https:\/\/wokexpress.ch\/#website","url":"https:\/\/wokexpress.ch\/","name":"Wokexpress","description":"Asian Food To You","potentialAction":[{"@type":"SearchAction","target":{"@type":"EntryPoint","urlTemplate":"https:\/\/wokexpress.ch\/?s={search_term_string}"},"query-input":"required name=search_term_string"}],"inLanguage":"de"}]}},"_links":{"self":[{"href":"https:\/\/wokexpress.ch\/de\/wp-json\/wp\/v2\/pages\/184","targetHints":{"allow":["GET"]}}],"collection":[{"href":"https:\/\/wokexpress.ch\/de\/wp-json\/wp\/v2\/pages"}],"about":[{"href":"https:\/\/wokexpress.ch\/de\/wp-json\/wp\/v2\/types\/page"}],"author":[{"embeddable":true,"href":"https:\/\/wokexpress.ch\/de\/wp-json\/wp\/v2\/users\/1"}],"replies":[{"embeddable":true,"href":"https:\/\/wokexpress.ch\/de\/wp-json\/wp\/v2\/comments?post=184"}],"version-history":[{"count":15,"href":"https:\/\/wokexpress.ch\/de\/wp-json\/wp\/v2\/pages\/184\/revisions"}],"predecessor-version":[{"id":8683,"href":"https:\/\/wokexpress.ch\/de\/wp-json\/wp\/v2\/pages\/184\/revisions\/8683"}],"wp:attachment":[{"href":"https:\/\/wokexpress.ch\/de\/wp-json\/wp\/v2\/media?parent=184"}],"curies":[{"name":"wp","href":"https:\/\/api.w.org\/{rel}","templated":true}]}}